{"id":6275,"date":"2024-06-02T13:17:41","date_gmt":"2024-06-02T17:17:41","guid":{"rendered":"https:\/\/www.techaidemontreal.org\/faq-techaide-volleyball-plage-2024\/"},"modified":"2025-06-30T21:22:19","modified_gmt":"2025-07-01T01:22:19","slug":"faq-techaide-volleyball-plage-2025","status":"publish","type":"page","link":"https:\/\/www.techaidemontreal.org\/en\/faq-techaide-volleyball-plage-2025\/","title":{"rendered":"FAQ Techaide Volleyball Plage 2025"},"content":{"rendered":"<p><div class=\"fusion-fullwidth fullwidth-box fusion-builder-row-1 fusion-flex-container nonhundred-percent-fullwidth non-hundred-percent-height-scrolling\" style=\"--awb-border-radius-top-left:0px;--awb-border-radius-top-right:0px;--awb-border-radius-bottom-right:0px;--awb-border-radius-bottom-left:0px;--awb-padding-bottom:30px;--awb-margin-top:0px;--awb-background-color:rgba(236,44,36,0.03);\" ><div class=\"fusion-builder-row fusion-row fusion-flex-align-items-flex-start fusion-flex-justify-content-center\" style=\"max-width:1216.8px;margin-left: calc(-4% \/ 2 );margin-right: calc(-4% \/ 2 );\"><div class=\"fusion-layout-column fusion_builder_column fusion-builder-column-0 fusion_builder_column_1_1 1_1 fusion-flex-column\" style=\"--awb-padding-bottom:12px;--awb-bg-size:cover;--awb-width-large:100%;--awb-margin-top-large:120px;--awb-spacing-right-large:1.92%;--awb-margin-bottom-large:50px;--awb-spacing-left-large:1.92%;--awb-width-medium:100%;--awb-order-medium:0;--awb-spacing-right-medium:1.92%;--awb-spacing-left-medium:1.92%;--awb-width-small:100%;--awb-order-small:0;--awb-spacing-right-small:1.92%;--awb-spacing-left-small:1.92%;\"><div class=\"fusion-column-wrapper fusion-column-has-shadow fusion-flex-justify-content-flex-start fusion-content-layout-column\"><div class=\"fusion-title title fusion-title-1 fusion-sep-none fusion-title-center fusion-title-text fusion-title-size-one\" style=\"--awb-margin-bottom:0px;--awb-font-size:4em;\"><h1 class=\"title-heading-center fusion-responsive-typography-calculated\" style=\"margin:0;font-size:1em;--fontSize:64;line-height:2;\"><div class=\"fusion-title title fusion-title-1 fusion-sep-none fusion-title-text fusion-title-size-one\" style=\"--awb-text-color:#262e44;--awb-margin-bottom:0px;\"><h1 class=\"title-heading-left fusion-responsive-typography-calculated\" style=\"margin:0;--fontSize:70;line-height:1.2;\"><\/h1><\/div>\n\n<p>FAQ<\/p>\n<p>Techaide Beach Volleyball Tournament<\/p><\/h1><\/div><div class=\"fusion-title title fusion-title-3 fusion-sep-none fusion-title-text fusion-title-size-four\" style=\"--awb-margin-top:25px;--awb-margin-top-small:15px;\"><h4 class=\"title-heading-left fusion-responsive-typography-calculated\" style=\"margin:0;--fontSize:20;--minFontSize:20;line-height:1.3;\"><\/h4><\/div><\/div><\/div><\/div><\/div><div class=\"fusion-fullwidth fullwidth-box fusion-builder-row-2 fusion-flex-container nonhundred-percent-fullwidth non-hundred-percent-height-scrolling\" style=\"--awb-border-radius-top-left:0px;--awb-border-radius-top-right:0px;--awb-border-radius-bottom-right:0px;--awb-border-radius-bottom-left:0px;--awb-padding-top:60px;--awb-padding-right:30px;--awb-padding-bottom:60px;--awb-padding-left:30px;--awb-margin-top:0px;--awb-background-color:#ffffff;\" ><\/div><div class=\"fusion-builder-row fusion-row fusion-flex-align-items-flex-start\" style=\"max-width:1216.8px;margin-left: calc(-4% \/ 2 );margin-right: calc(-4% \/ 2 );\"><\/div><div class=\"fusion-layout-column fusion_builder_column fusion-builder-column-1 fusion_builder_column_1_1 1_1 fusion-one-full fusion-column-first fusion-column-last\" style=\"--awb-bg-size:cover;--awb-margin-bottom:33px;width:100%;\"><div class=\"fusion-column-wrapper fusion-column-has-shadow fusion-flex-column-wrapper-legacy\"><div class=\"fusion-clearfix\"><\/div><\/div><\/div><div class=\"fusion-text fusion-text-1\" style=\"--awb-text-transform:none;\"><\/div><\/p>\n<p>&nbsp;<\/p>\n<p><a href=\"https:\/\/www.techaidemontreal.org\/en\/event\/2023-techaide-beach-volleyball-tournament\/\">Le tournoi de volleyball de plage Techaide est un tournoi r\u00e9cr\u00e9atif et amical<\/a> Il aura lieu le mercredi 20 ao\u00fbt 2025. En cas de pluie intense, le tournoi sera report\u00e9 au 5 septembre.<\/p>\n<p>&nbsp;<\/p>\n<h1>Agenda:<\/h1>\n<p>&nbsp;<\/p>\n<p>09h00 \u2014 Accueil des \u00e9quipes, mots des bienvenus, rappel des r\u00e8gles du jeu 09h30 \u2014 D\u00e9but des matchs du matin<\/p>\n<p>12h00 \u2014 Pause d\u00e9jeuner<\/p>\n<p>12h45 \u2014 Matchs de l\u2019apr\u00e8s-midi<\/p>\n<p>&nbsp;<\/p>\n<h1>16h00 \u2014 Remise des prix et cl\u00f4ture<\/h1>\n<p>&nbsp;<\/p>\n<p>The matches are played at <a href=\"http:\/\/volleyballceltique.qc.ca\/\">Volleyball Celtique<\/a>. Hauteur du filet : 2m 35 \u2013 7 terrains of 8 x 16 meters<\/p>\n<p>&nbsp;<\/p>\n<p>S\u2019il y a beaucoup de vent ou trop de soleil, les \u00e9quipes peuvent changer de c\u00f4t\u00e9 \u00e0 tous les multiples de 7 points Les capitaines doivent s\u2019entendre au d\u00e9but du match.<\/p>\n<p>&nbsp;<\/p>\n<p>Les matchs sont de 2 s\u00e9ries de 21 points chacune. Si le temps le permet, un troisi\u00e8me set peut \u00eatre jou\u00e9 \u00e0 des fins r\u00e9cr\u00e9atives uniquement, sans qu&#8217;il soit pris en compte dans le score final. Les joueurs doivent faire attention au temps et s\u2019assurer qu\u2019ils ne risquent pas d\u2019\u00eatre en retard pour leur prochain match s\u2019ils choisissent de jouer un troisi\u00e8me set.<\/p>\n<p>&nbsp;<\/p>\n<p>Il est crucial que les \u00e9quipes commencent leurs matchs programm\u00e9s \u00e0 l&#8217;heure et ne soient pas retard\u00e9es en raison de la participation \u00e0 des sets suppl\u00e9mentaires. Dans le cas o\u00f9 le temps serait insuffisant pour terminer<\/p>\n<p>&nbsp;<\/p>\n<p>le deuxi\u00e8me set, l&#8217;\u00e9quipe en t\u00eate sera d\u00e9clar\u00e9e gagnante. Une \u00e9galit\u00e9 lors du deuxi\u00e8me set sera r\u00e9solue par un jeu final<\/p>\n<p>&nbsp;<\/p>\n<p>Pour tous les matchs, les points seront attribu\u00e9s de la mani\u00e8re suivante:<\/p>\n<ul>\n<li>Victoire = 3 points<\/li>\n<li>D\u00e9faite = 1 point<\/li>\n<li>\u00c9galit\u00e9 = 2 points<\/li>\n<li>Forfait = 0 points<\/li>\n<\/ul>\n<p>&nbsp;<\/p>\n<h1>Formule et classement :<\/h1>\n<p>Le classement est \u00e9tabli en fonction du nombre de victoires et en cas d\u2019\u00e9galit\u00e9 le nombre de sets gagn\u00e9s sera utilis\u00e9. Si l\u2019\u00e9galit\u00e9 persiste, le ratio points gagn\u00e9s\/points perdus d\u00e9partagera les \u00e9quipes.<\/p>\n<p>&nbsp;<\/p>\n<h1>Arbitre<\/h1>\n<ul>\n<li>Il y aura un arbitre assign\u00e9 \u00e0 chaque terrain.<\/li>\n<li>On s\u2019attend que tous les joueurs fassent preuve de respect et d\u2019honn\u00eatet\u00e9 en nous aidant \u00e0 garder l\u2019esprit amical et joyeux du tournoi.<\/li>\n<\/ul>\n<p>&nbsp;<\/p>\n<h1>\u00c9quipe mixte:<\/h1>\n<ul>\n<li>Chaque \u00e9quipe doit avoir une femme et un homme sur les terrains en tout le temps.<\/li>\n<li>Mixte 4 X 4 \u2013 tous les joueurs peuvent attaquer au filet (pas une r\u00e8gle fixe mais fortement recommand\u00e9)<\/li>\n<li>Tout joueur doit d\u2019abord \u00eatre inscrit sur la fiche d\u2019inscription de l\u2019\u00e9quipe pour jouer.<\/li>\n<\/ul>\n<p>&nbsp;<\/p>\n<h1>S\u00e9curit\u00e9:<\/h1>\n<ul>\n<li>Aucun contact avec le filet n\u2019est permis.<\/li>\n<\/ul>\n<p>&nbsp;<\/p>\n<h1>Changements et rotations<\/h1>\n<ul>\n<li>Les joueurs tournent apr\u00e8s chaque point. Parce que nous voulons encourager les \u00e9changes, au lieu de marquer uniquement sur les services, un joueur ne peut pas marquer plus de 5 services d&#8217;affil\u00e9e. Apr\u00e8s son 5\u00e8me service, l&#8217;arbitre forcera une rotation et un nouveau joueur servira.<\/li>\n<\/ul>\n<p>&nbsp;<\/p>\n<h2>Quel est le nombre de joueurs par \u00e9quipe?<\/h2>\n<p>&nbsp;<\/p>\n<p>\u00c9quipes de 4 sur le terrain avec jusqu\u2019\u00e0 6 rempla\u00e7ants pour un total de 10 joueurs maximum.<\/p>\n<p>&nbsp;<\/p>\n<h2>Quelle est la dur\u00e9e des matchs?<\/h2>\n<p>&nbsp;<\/p>\n<p>Les matchs durent environ 40 minutes.<\/p>\n<p>&nbsp;<\/p>\n<h2>Les partisans sont-ils permis?<\/h2>\n<p>&nbsp;<\/p>\n<p>Oui! Les joueurs peuvent \u00eatre accompagn\u00e9s de leurs proches et coll\u00e8gues pour les encourager.<\/p>\n<p>&nbsp;<\/p>\n<h2>Y a t\u2019il des vestiaires sur place pour se changer?<\/h2>\n<p>&nbsp;<\/p>\n<p>Oui, mais on vous recommande de venir d\u00e9j\u00e0 habill\u00e9.<\/p>\n<p>&nbsp;<\/p>\n<h2>Quel est le lieu du rendez-vous?<\/h2>\n<p>&nbsp;<\/p>\n<p>Celtic Beach &#8211; <a href=\"http:\/\/volleyballceltique.qc.ca\/la-plage-celtique\/\">http:\/\/volleyballceltique.qc.ca\/la-plage-celtique\/<\/a> 10555 Ave de Bois-de-Boulogne, Montreal, QC H4N 1L4 Stationnement Disponible<\/p>\n<h1>Inscriptions et dons<\/h1>\n<h2>Quelle est la date limite des inscriptions?<\/h2>\n<p>&nbsp;<\/p>\n<p>15 juillet<\/p>\n<p>&nbsp;<\/p>\n<h2>Comment fait-on pour faire un don sans participer au tournoi?<\/h2>\n<p>&nbsp;<\/p>\n<p>Vous pouvez faire un don via le formulaire de don sur la page du tournoi de volleyball de plage Techaide en s\u00e9lectionnant \u2018Faire un don\u2019 puis s\u00e9lectionner \u201c\u00c0 la campagne en g\u00e9n\u00e9rale\u201d ou \u201c\u00c0 une \u00e9quipe ou \u00e0 un individu\u201d si vous d\u00e9sirez associer votre don \u00e0 une \u00e9quipe ou une personne en particulier.<\/p>\n<p>&nbsp;<\/p>\n<h2>Quelle est la date limite pour la lev\u00e9e de fonds d\u2019une \u00e9quipe?<\/h2>\n<p>Vous avez jusqu\u2019au jour du tournoi pour la lev\u00e9e de fonds.<\/p>\n<p>&nbsp;<\/p>\n<h2>Est-ce qu\u2019on peut faire des dons sur place le jour m\u00eame? Vous prenez l\u2019argent comptant?<\/h2>\n<p>&nbsp;<\/p>\n<p>Bien s\u00fbr, les dons sur place sont possibles! Une \u00e9quipe de Centraide sera sur place pour les recueillir. Vous pourrez faire des dons par carte de cr\u00e9dit via des Square, par ch\u00e8que ou en argent comptant.<\/p>\n<p>&nbsp;<\/p>\n<h2>Le prix du billet inclut-il des breuvages et snacks?<\/h2>\n<p>&nbsp;<\/p>\n<p>Pour des raisons environnementales, nous vous recommandons d\u2019apporter votre bouteille d\u2019eau r\u00e9utilisable. On a acc\u00e8s \u00e0 une fontaine d\u2019eau sur place. De ce qui est de la nourriture, on vous offrira des collations le matin et un sandwich Subway sur l\u2019heure du d\u00eener.<\/p>\n<p>&nbsp;<\/p>\n<h2>Si je n\u2019ai pas d\u2019\u00e9quipe dans mon entreprise, comment puis-je participer?<\/h2>\n<p>&nbsp;<\/p>\n<p>Write to <a href=\"mailto:contact@techaidemontreal.org\">contact@techaidemontreal.org<\/a> ! We will pair you with an already formed team or, if there are enough, we can group the single players together to form an independent team.<\/p>\n<p>&nbsp;<\/p>\n<h2>Je ne veux pas jouer mais j\u2019aimerais bien aider, vous cherchez des b\u00e9n\u00e9voles?<\/h2>\n<p>&nbsp;<\/p>\n<p>Oui. Write to us at <a href=\"mailto:contact@techaidemontreal.org\">contact@techaidemontreal.org<\/a><\/p>\n<p>&nbsp;<\/p>\n<h2>Les billets sont-ils remboursables si je change d\u2019avis?<\/h2>\n<p>&nbsp;<\/p>\n<p>Malheureusement, non. Vous recevrez tout de m\u00eame le re\u00e7u d\u2019imp\u00f4ts y \u00e9tant associ\u00e9 car votre billet est per\u00e7u comme un don!<\/p>\n<p>&nbsp;<\/p>\n<h2>Puis-je avoir un re\u00e7u d\u2019imp\u00f4t?<\/h2>\n<p>&nbsp;<\/p>\n<p>Absolument! \u00c0 partir de 20$ de don, les re\u00e7us d\u2019imp\u00f4t sont \u00e9mis automatiquement par courriel par Centraide du Grand Montr\u00e9al. Si vous ne l\u2019avez pas re\u00e7u, \u00e9crivez-nous \u00e0 <a href=\"mailto:techaide@centraide-mtl.org\">techaide@centraide-mtl.org. <\/a><\/p>\n","protected":false},"excerpt":{"rendered":"<p>&nbsp; Le tournoi de volleyball de plage Techaide est un tournoi r\u00e9cr\u00e9atif et amical Il aura lieu le mercredi 20 ao\u00fbt 2025. En cas de pluie intense, le tournoi sera report\u00e9 au 5 septembre. &nbsp; Agenda: &nbsp; 09h00 \u2014 Accueil des \u00e9quipes, mots des bienvenus, rappel des r\u00e8gles du jeu 09h30 \u2014 D\u00e9but des matchs [&hellip;]<\/p>\n","protected":false},"author":18,"featured_media":0,"parent":0,"menu_order":0,"comment_status":"closed","ping_status":"closed","template":"","meta":{"_EventAllDay":false,"_EventTimezone":"","_EventStartDate":"","_EventEndDate":"","_EventStartDateUTC":"","_EventEndDateUTC":"","_EventShowMap":false,"_EventShowMapLink":false,"_EventURL":"","_EventCost":"","_EventCostDescription":"","_EventCurrencySymbol":"","_EventCurrencyCode":"","_EventCurrencyPosition":"","_EventDateTimeSeparator":"","_EventTimeRangeSeparator":"","_EventOrganizerID":[],"_EventVenueID":[],"_OrganizerEmail":"","_OrganizerPhone":"","_OrganizerWebsite":"","_VenueAddress":"","_VenueCity":"","_VenueCountry":"","_VenueProvince":"","_VenueState":"","_VenueZip":"","_VenuePhone":"","_VenueURL":"","_VenueStateProvince":"","_VenueLat":"","_VenueLng":"","_VenueShowMap":false,"_VenueShowMapLink":false,"footnotes":""},"class_list":["post-6275","page","type-page","status-publish","hentry"],"_links":{"self":[{"href":"https:\/\/www.techaidemontreal.org\/en\/wp-json\/wp\/v2\/pages\/6275","targetHints":{"allow":["GET"]}}],"collection":[{"href":"https:\/\/www.techaidemontreal.org\/en\/wp-json\/wp\/v2\/pages"}],"about":[{"href":"https:\/\/www.techaidemontreal.org\/en\/wp-json\/wp\/v2\/types\/page"}],"author":[{"embeddable":true,"href":"https:\/\/www.techaidemontreal.org\/en\/wp-json\/wp\/v2\/users\/18"}],"replies":[{"embeddable":true,"href":"https:\/\/www.techaidemontreal.org\/en\/wp-json\/wp\/v2\/comments?post=6275"}],"version-history":[{"count":6,"href":"https:\/\/www.techaidemontreal.org\/en\/wp-json\/wp\/v2\/pages\/6275\/revisions"}],"predecessor-version":[{"id":6850,"href":"https:\/\/www.techaidemontreal.org\/en\/wp-json\/wp\/v2\/pages\/6275\/revisions\/6850"}],"wp:attachment":[{"href":"https:\/\/www.techaidemontreal.org\/en\/wp-json\/wp\/v2\/media?parent=6275"}],"curies":[{"name":"wp","href":"https:\/\/api.w.org\/{rel}","templated":true}]}}