{"id":4044,"date":"2022-05-10T15:11:33","date_gmt":"2022-05-10T19:11:33","guid":{"rendered":"https:\/\/www.techaidemontreal.org\/trucs-et-astuces-pour-reussir-votre-collecte-de-fonds\/"},"modified":"2022-05-11T15:26:17","modified_gmt":"2022-05-11T19:26:17","slug":"trucs-et-astuces-pour-reussir-votre-collecte-de-fonds","status":"publish","type":"page","link":"https:\/\/www.techaidemontreal.org\/fr\/trucs-et-astuces-pour-reussir-votre-collecte-de-fonds\/","title":{"rendered":"Trucs et astuces pour r\u00e9ussir votre collecte de fonds"},"content":{"rendered":"<p><div class=\"fusion-fullwidth fullwidth-box fusion-builder-row-1 fusion-flex-container nonhundred-percent-fullwidth non-hundred-percent-height-scrolling\" style=\"--awb-border-radius-top-left:0px;--awb-border-radius-top-right:0px;--awb-border-radius-bottom-right:0px;--awb-border-radius-bottom-left:0px;--awb-padding-bottom:30px;--awb-margin-top:0px;--awb-background-color:rgba(236,44,36,0.03);\" ><div class=\"fusion-builder-row fusion-row fusion-flex-align-items-flex-start fusion-flex-justify-content-center\" style=\"max-width:1216.8px;margin-left: calc(-4% \/ 2 );margin-right: calc(-4% \/ 2 );\"><div class=\"fusion-layout-column fusion_builder_column fusion-builder-column-0 fusion_builder_column_1_1 1_1 fusion-flex-column\" style=\"--awb-padding-bottom:12px;--awb-bg-size:cover;--awb-width-large:100%;--awb-margin-top-large:120px;--awb-spacing-right-large:1.92%;--awb-margin-bottom-large:50px;--awb-spacing-left-large:1.92%;--awb-width-medium:100%;--awb-order-medium:0;--awb-spacing-right-medium:1.92%;--awb-spacing-left-medium:1.92%;--awb-width-small:100%;--awb-order-small:0;--awb-spacing-right-small:1.92%;--awb-spacing-left-small:1.92%;\"><div class=\"fusion-column-wrapper fusion-column-has-shadow fusion-flex-justify-content-flex-start fusion-content-layout-column\"><div class=\"fusion-title title fusion-title-1 fusion-sep-none fusion-title-center fusion-title-text fusion-title-size-one\" style=\"--awb-margin-bottom:0px;--awb-font-size:4em;\"><h1 class=\"title-heading-center fusion-responsive-typography-calculated\" style=\"margin:0;font-size:1em;--fontSize:64;line-height:2;\"><div class=\"fusion-title title fusion-title-1 fusion-sep-none fusion-title-text fusion-title-size-one\" style=\"--awb-text-color:#262e44;--awb-margin-bottom:0px;\"><h1 class=\"title-heading-left fusion-responsive-typography-calculated\" style=\"margin:0;--fontSize:70;line-height:1.2;\"><\/h1><\/div>\n\n<p style=\"text-align: center;\">Trucs et astuces<\/p>\n<h2 style=\"text-align: center;\">R\u00e9ussir votre collecte de fonds<\/h2><\/h1><\/div><div class=\"fusion-title title fusion-title-3 fusion-sep-none fusion-title-text fusion-title-size-four\" style=\"--awb-margin-top:25px;--awb-margin-top-small:15px;\"><h4 class=\"title-heading-left fusion-responsive-typography-calculated\" style=\"margin:0;--fontSize:20;--minFontSize:20;line-height:1.3;\"><\/h4><\/div><\/div><\/div><\/div><\/div><div class=\"fusion-fullwidth fullwidth-box fusion-builder-row-2 fusion-flex-container nonhundred-percent-fullwidth non-hundred-percent-height-scrolling\" style=\"--awb-border-radius-top-left:0px;--awb-border-radius-top-right:0px;--awb-border-radius-bottom-right:0px;--awb-border-radius-bottom-left:0px;--awb-padding-top:60px;--awb-padding-right:30px;--awb-padding-bottom:60px;--awb-padding-left:30px;--awb-margin-top:0px;--awb-background-color:#ffffff;\" ><\/div><div class=\"fusion-builder-row fusion-row fusion-flex-align-items-flex-start\" style=\"max-width:1216.8px;margin-left: calc(-4% \/ 2 );margin-right: calc(-4% \/ 2 );\"><\/div><div class=\"fusion-layout-column fusion_builder_column fusion-builder-column-1 fusion_builder_column_1_1 1_1 fusion-one-full fusion-column-first fusion-column-last\" style=\"--awb-bg-size:cover;--awb-margin-bottom:33px;width:100%;\"><div class=\"fusion-column-wrapper fusion-column-has-shadow fusion-flex-column-wrapper-legacy\"><div class=\"fusion-clearfix\"><\/div><\/div><\/div><div class=\"fusion-text fusion-text-1\" style=\"--awb-text-transform:none;\"><\/div><\/p>\n<h2>Pourquoi le tournoi de soccer de Techaide au profit de Centraide du Grand Montr\u00e9al?<\/h2>\n<p>Les dons recueillis par Centraide rejoint 1 personne sur 7 dans le Grand Montr\u00e9al et appuie pr\u00e8s de 350 organismes et projets qui travaillent activement \u00e0 soutenir la r\u00e9ussite des jeunes, \u00e0 assurer l\u2019essentiel, \u00e0 briser l\u2019isolement social et \u00e0 b\u00e2tir des milieux de vie rassembleurs.<\/p>\n<p>En participant au tournoi de soccer de Techaide, vous faites partie du r\u00e9seau d\u2019entraide qui vise rendre NOTRE Grand Montr\u00e9al plus fort et plus juste.<\/p>\n<h2>Qui solliciter?<\/h2>\n<p>Sollicitez votre r\u00e9seau de contact personnel et professionnel. Vos amis, vos coll\u00e8gues et votre famille peuvent vous soutenir en faisant un don. Voyez large! Voyez grand!<\/p>\n<h2>Comment solliciter?<\/h2>\n<p>Tous les moyens sont bons pour annoncer votre participation au Tournoi de soccer Techaide, au profit de Centraide du Grand Montr\u00e9al:<\/p>\n<ul>\n<li>Porte-\u00e0-porte dans votre quartier;<\/li>\n<li>Collecte lors de rencontres familiales ou de clubs dont vous faites partie;<\/li>\n<li>Au travail;<\/li>\n<li>Par courriel de masse;<\/li>\n<li>Par courriel personnalis\u00e9;<\/li>\n<li>Utilisez la \u00ab Trousse de publications \u00bb mise \u00e0 votre disposition, ci-dessous pour v\u00e9hiculer votre message via les r\u00e9seaux sociaux (Facebook, LinkedIn et\/ou Instagram et\/ou \u00e0 vos abonn\u00e9es Twitter, etc.);<\/li>\n<li>Installez l\u2019affiche de l\u2019\u00e9v\u00e9nement dans votre bureau;<\/li>\n<li>Installez un pot \u00e0 monnaie dans un endroit strat\u00e9gique au bureau avec quelques messages cl\u00e9s et\/ou photo;<\/li>\n<li>Modifiez temporairement votre signature de courriel en glissant un lien vers la plateforme de don pour le Tournoi de soccer Techaide avec une courte mention tel que \u2018\u2019Encouragez-moi et faites votre don\u2019\u2019;<\/li>\n<\/ul>\n<p>Partagez le lien de votre <a href=\"https:\/\/www.zeffy.com\/en-CA\/peer-to-peer\/ec0e8735-f689-480c-a9d4-d7fb5839ff85\">page de don<\/a> aussit\u00f4t que vous en parler.<\/p>\n<h2>Objectif<\/h2>\n<p>Communiquez votre objectif; les donateurs ont tendance \u00e0 \u00eatre plus g\u00e9n\u00e9reux lorsque l\u2019objectif est r\u00e9alisable mais non-atteint. Il faut donc trouver le juste-milieu.<\/p>\n<h2>Commencez t\u00f4t\u2026 D\u00c8S MAINTENANT!<\/h2>\n<p>Plus t\u00f4t vous commencerez la sollicitation, plus vite vous recueillerez des dons et plus d\u2019argent vous serez en mesure d\u2019amasser pour la cause.<\/p>\n<h2>Lancez le bal<\/h2>\n<p>Soyez la premi\u00e8re personne \u00e0 faire un don sur votre page. En voyant votre nom et le montant de votre don, les donateurs potentiels reconna\u00eetront votre engagement envers la cause et auront envie de vous suivre.<\/p>\n<h2>Tout est dans l\u2019attitude<\/h2>\n<p>Soyez motiv\u00e9 et enthousiaste, ce sera contagieux. De plus, connaissez bien la cause de Centraide pour gagner en cr\u00e9dibilit\u00e9.<\/p>\n<p>&nbsp;<\/p>\n<hr \/>\n<h2>Trousse de publication<\/h2>\n<h4>Message cl\u00e9 \/ Arguments<\/h4>\n<ul>\n<li>Un re\u00e7u d\u2019imp\u00f4t est \u00e9mis automatiquement pour tout don sup\u00e9rieur ou \u00e9gal \u00e0 20$<\/li>\n<li>Le bon geste que fait le donateur<\/li>\n<li>Techaide rassemble la communaut\u00e9 tech pour sensibiliser la population et soutenir Centraide du Grand Montr\u00e9al et aider \u00e0 briser le cycle de la pauvret\u00e9 et l\u2019exclusion sociale.<\/li>\n<\/ul>\n<h4>Id\u00e9es de publications \u00e0 personnaliser<\/h4>\n<p>Publication informative-passive de pr\u00e9sentation: Informez les gens autour de vous que vous participez au Tournoi de soccer Techaide et mentionnez pourquoi vous y participez.<\/p>\n<blockquote><p>Bonjour \u00e0 tous! Le 3 juin prochain, je vais participer \u00e0 un tournoi de soccer organis\u00e9 par Techaide afin d\u2019appuyer Centraide du Grand Montr\u00e9al dans sa lutte contre la pauvret\u00e9. Si le c\u0153ur vous en dit, je vous invite \u00e0 m\u2019encourager. C\u2019est simple, rapide et \u00e7a fait du bien. (Ins\u00e9rer le lien de votre <a href=\"https:\/\/www.zeffy.com\/en-CA\/peer-to-peer\/ec0e8735-f689-480c-a9d4-d7fb5839ff85\">page de don<\/a>)<br \/>\nNotez qu\u2019un re\u00e7u d\u2019imp\u00f4t sera \u00e9mis automatiquement pour tout don sup\u00e9rieur ou \u00e9gal \u00e0 20$.<\/p><\/blockquote>\n<p>Publication de l\u2019annonce de votre objectif (personnel ou d\u2019\u00e9quipe)<\/p>\n<blockquote><p>Le 3 juin prochain, je participe au tournoi de soccer organis\u00e9 par Techaide afin d\u2019appuyer Centraide du Grand Montr\u00e9al dans sa lutte contre la pauvret\u00e9. L\u2019objectif de mon \u00e9quipe \/ Mon objectif personnel est d\u2019amass\u00e9 X$ d\u2019ici l\u00e0!<br \/>\nAidez-moi \u00e0 r\u00e9duire la pauvret\u00e9 dans le Grand Montr\u00e9al. Chaque don compte et un re\u00e7u d\u2019imp\u00f4t sera \u00e9mis automatiquement pour tout don sup\u00e9rieur ou \u00e9gal \u00e0 20 $. (Ins\u00e9rer le lien de votre <a href=\"https:\/\/www.zeffy.com\/en-CA\/peer-to-peer\/ec0e8735-f689-480c-a9d4-d7fb5839ff85\">page de don<\/a>)<\/p><\/blockquote>\n<p>Publication de M\u00c0J du montant amass\u00e9 vs objectif<\/p>\n<blockquote><p>OY\u00c9! OY\u00c9! Il ne me manque que X$ pour atteindre mon objectif.<\/p><\/blockquote>\n<p>Publication \u00e9motive : Expliquez pourquoi vous avez d\u00e9cid\u00e9 de participer \u00e0 ce tournoi de soccer de Techaide et pourquoi Centraide vous tient \u00e0 c\u0153ur.<\/p>\n<p>Publication d\u2019\u00e9quipe : @Identifier les joueurs de votre \u00e9quipe dans une publication rassembleuse.<\/p>\n<p>Publication corporative: @Identifier votre employeur pour vous identifier comme nom d\u2019\u00e9quipe et\/ou le remercier s\u2019il supporte l\u2019\u00e9quipe<\/p>\n<h4>Cr\u00e9er un esprit de saine comp\u00e9tition<\/h4>\n<p>Inviter votre entreprise ou votre patron \u00e0 jumeler vos dons amass\u00e9s. Les donateurs sont ainsi motiv\u00e9s par le fait que leur don seront automatiquement doubl\u00e9s.<\/p>\n<p>Faites tirer un prix (t-shirt, d\u00eener, etc.) \u00e0 vos donateurs pour les inciter \u00e0 gagner<\/p>\n<ul>\n<li>Tirage au sort parmi les donateurs<\/li>\n<li>Prix au don le plus important<\/li>\n<\/ul>\n<h4>Organiser une activit\u00e9 de collecte de fonds<\/h4>\n<ul>\n<li>Vente muffins et viennoiseries : Faites des muffins ou viennoiseries ou achetez-en \u00e0 l\u2019\u00e9picerie et revendez-les \u00e0 3$ l\u2019unit\u00e9, \u00e0 la pause-caf\u00e9<\/li>\n<li>Vente de bonbons : Achetez des bonbons en vrac ou en gros et revendez-les individuellement lors d\u2019une tourn\u00e9e des bureaux, un apr\u00e8s-midi.<\/li>\n<li>Concours moiti\u00e9-moiti\u00e9<\/li>\n<li>Soir\u00e9e karaok\u00e9 (au bureau ou ailleurs) et charger 2$\/chanson\/pers.<\/li>\n<li>D\u00e9fis tels que course, trouver le nombre de bonbons dans une jarre, contribution pour les coll\u00e8gues qui arrivent en retard, etc.<\/li>\n<li>Panier \u00e0 tirer : Tous les participants ajoutent un item dans un panier (bouteilles de vin, certificats cadeaux, caf\u00e9, etc.) d\u2019une valeur de 15 ou 20$ et le panier est tir\u00e9 au hasard \u00e0 la fin de la semaine.<\/li>\n<\/ul>\n<h4>Le respect<\/h4>\n<p>Certaines personnes voudront soutenir votre \u00e9quipe et d\u2019autres non. Il faut en tout temps respecter leur choix et les remercier pour leur \u00e9coute. Au moment de la sollicitation, il est important de transmettre votre passion et votre enthousiasme. C\u2019est contagieux!<\/p>\n<h4>Ne pas n\u00e9gliger le suivi<\/h4>\n<p>Les courriels et r\u00e9seaux sociaux sont une bonne entr\u00e9e en mati\u00e8re pour promouvoir votre implication mais il ne faut pas n\u00e9gliger les relances t\u00e9l\u00e9phoniques ou en personne : elles font toute la diff\u00e9rence.<\/p>\n<h4>Remerciez vos supporteurs<\/h4>\n<p>Il est important de remercier vos donateurs. Communiquez le r\u00e9sultat de votre \u00e9quipe et du tournoi via les m\u00eames m\u00e9dias que vous avez utilis\u00e9 pour faire votre sollicitation.<\/p>\n<p>&nbsp;<\/p>\n","protected":false},"excerpt":{"rendered":"<p>Pourquoi le tournoi de soccer de Techaide au profit de Centraide du Grand Montr\u00e9al? Les dons recueillis par Centraide rejoint 1 personne sur 7 dans le Grand Montr\u00e9al et appuie pr\u00e8s de 350 organismes et projets qui travaillent activement \u00e0 soutenir la r\u00e9ussite des jeunes, \u00e0 assurer l\u2019essentiel, \u00e0 briser l\u2019isolement social et \u00e0 b\u00e2tir [&hellip;]<\/p>\n","protected":false},"author":2,"featured_media":0,"parent":0,"menu_order":0,"comment_status":"closed","ping_status":"closed","template":"","meta":{"_EventAllDay":false,"_EventTimezone":"","_EventStartDate":"","_EventEndDate":"","_EventStartDateUTC":"","_EventEndDateUTC":"","_EventShowMap":false,"_EventShowMapLink":false,"_EventURL":"","_EventCost":"","_EventCostDescription":"","_EventCurrencySymbol":"","_EventCurrencyCode":"","_EventCurrencyPosition":"","_EventDateTimeSeparator":"","_EventTimeRangeSeparator":"","_EventOrganizerID":[],"_EventVenueID":[],"_OrganizerEmail":"","_OrganizerPhone":"","_OrganizerWebsite":"","_VenueAddress":"","_VenueCity":"","_VenueCountry":"","_VenueProvince":"","_VenueState":"","_VenueZip":"","_VenuePhone":"","_VenueURL":"","_VenueStateProvince":"","_VenueLat":"","_VenueLng":"","_VenueShowMap":false,"_VenueShowMapLink":false,"footnotes":""},"class_list":["post-4044","page","type-page","status-publish","hentry"],"_links":{"self":[{"href":"https:\/\/www.techaidemontreal.org\/fr\/wp-json\/wp\/v2\/pages\/4044","targetHints":{"allow":["GET"]}}],"collection":[{"href":"https:\/\/www.techaidemontreal.org\/fr\/wp-json\/wp\/v2\/pages"}],"about":[{"href":"https:\/\/www.techaidemontreal.org\/fr\/wp-json\/wp\/v2\/types\/page"}],"author":[{"embeddable":true,"href":"https:\/\/www.techaidemontreal.org\/fr\/wp-json\/wp\/v2\/users\/2"}],"replies":[{"embeddable":true,"href":"https:\/\/www.techaidemontreal.org\/fr\/wp-json\/wp\/v2\/comments?post=4044"}],"version-history":[{"count":7,"href":"https:\/\/www.techaidemontreal.org\/fr\/wp-json\/wp\/v2\/pages\/4044\/revisions"}],"predecessor-version":[{"id":4052,"href":"https:\/\/www.techaidemontreal.org\/fr\/wp-json\/wp\/v2\/pages\/4044\/revisions\/4052"}],"wp:attachment":[{"href":"https:\/\/www.techaidemontreal.org\/fr\/wp-json\/wp\/v2\/media?parent=4044"}],"curies":[{"name":"wp","href":"https:\/\/api.w.org\/{rel}","templated":true}]}}