{"id":4266,"date":"2022-07-24T18:23:13","date_gmt":"2022-07-24T22:23:13","guid":{"rendered":"https:\/\/www.techaidemontreal.org\/?page_id=4266"},"modified":"2022-09-08T16:18:58","modified_gmt":"2022-09-08T20:18:58","slug":"faq-techaide-volleyball-plage-2022","status":"publish","type":"page","link":"https:\/\/www.techaidemontreal.org\/fr\/faq-techaide-volleyball-plage-2022\/","title":{"rendered":"FAQ TechAide Volleyball Plage 2022"},"content":{"rendered":"<p><div class=\"fusion-fullwidth fullwidth-box fusion-builder-row-1 fusion-flex-container nonhundred-percent-fullwidth non-hundred-percent-height-scrolling\" style=\"--awb-border-radius-top-left:0px;--awb-border-radius-top-right:0px;--awb-border-radius-bottom-right:0px;--awb-border-radius-bottom-left:0px;--awb-padding-bottom:30px;--awb-margin-top:0px;--awb-background-color:rgba(236,44,36,0.03);\" ><div class=\"fusion-builder-row fusion-row fusion-flex-align-items-flex-start fusion-flex-justify-content-center\" style=\"max-width:1216.8px;margin-left: calc(-4% \/ 2 );margin-right: calc(-4% \/ 2 );\"><div class=\"fusion-layout-column fusion_builder_column fusion-builder-column-0 fusion_builder_column_1_1 1_1 fusion-flex-column\" style=\"--awb-padding-bottom:12px;--awb-bg-size:cover;--awb-width-large:100%;--awb-margin-top-large:120px;--awb-spacing-right-large:1.92%;--awb-margin-bottom-large:50px;--awb-spacing-left-large:1.92%;--awb-width-medium:100%;--awb-order-medium:0;--awb-spacing-right-medium:1.92%;--awb-spacing-left-medium:1.92%;--awb-width-small:100%;--awb-order-small:0;--awb-spacing-right-small:1.92%;--awb-spacing-left-small:1.92%;\"><div class=\"fusion-column-wrapper fusion-column-has-shadow fusion-flex-justify-content-flex-start fusion-content-layout-column\"><div class=\"fusion-title title fusion-title-1 fusion-sep-none fusion-title-center fusion-title-text fusion-title-size-one\" style=\"--awb-margin-bottom:0px;--awb-font-size:4em;\"><h1 class=\"title-heading-center fusion-responsive-typography-calculated\" style=\"margin:0;font-size:1em;--fontSize:64;line-height:2;\"><div class=\"fusion-title title fusion-title-1 fusion-sep-none fusion-title-text fusion-title-size-one\" style=\"--awb-text-color:#262e44;--awb-margin-bottom:0px;\"><h1 class=\"title-heading-left fusion-responsive-typography-calculated\" style=\"margin:0;--fontSize:70;line-height:1.2;\"><\/h1><\/div>\n\n<p>FAQ<\/p>\n<p>Techaide Volleyball Plage<\/p><\/h1><\/div><div class=\"fusion-title title fusion-title-3 fusion-sep-none fusion-title-text fusion-title-size-four\" style=\"--awb-margin-top:25px;--awb-margin-top-small:15px;\"><h4 class=\"title-heading-left fusion-responsive-typography-calculated\" style=\"margin:0;--fontSize:20;--minFontSize:20;line-height:1.3;\"><\/h4><\/div><\/div><\/div><\/div><\/div><div class=\"fusion-fullwidth fullwidth-box fusion-builder-row-2 fusion-flex-container nonhundred-percent-fullwidth non-hundred-percent-height-scrolling\" style=\"--awb-border-radius-top-left:0px;--awb-border-radius-top-right:0px;--awb-border-radius-bottom-right:0px;--awb-border-radius-bottom-left:0px;--awb-padding-top:60px;--awb-padding-right:30px;--awb-padding-bottom:60px;--awb-padding-left:30px;--awb-margin-top:0px;--awb-background-color:#ffffff;\" ><\/div><div class=\"fusion-builder-row fusion-row fusion-flex-align-items-flex-start\" style=\"max-width:1216.8px;margin-left: calc(-4% \/ 2 );margin-right: calc(-4% \/ 2 );\"><\/div><div class=\"fusion-layout-column fusion_builder_column fusion-builder-column-1 fusion_builder_column_1_1 1_1 fusion-one-full fusion-column-first fusion-column-last\" style=\"--awb-bg-size:cover;--awb-margin-bottom:33px;width:100%;\"><div class=\"fusion-column-wrapper fusion-column-has-shadow fusion-flex-column-wrapper-legacy\"><div class=\"fusion-clearfix\"><\/div><\/div><\/div><div class=\"fusion-text fusion-text-1\" style=\"--awb-text-transform:none;\"><\/div><\/p>\n<p><span style=\"font-weight: 400;\">Le\u00a0 <\/span><a href=\"https:\/\/www.zeffy.com\/en-CA\/peer-to-peer\/9f162b9d-d060-435e-b46d-23f53896e599\"><span style=\"font-weight: 400;\">tournoi de volleyball de plage Techaide<\/span><\/a><span style=\"font-weight: 400;\"> est un tournoi r\u00e9cr\u00e9atif et amical. Il aura lieu le vendredi <del>26 ao\u00fbt<\/del> 9 septembre 2022. En cas de pluie intense, le tournoi sera report\u00e9 au 9 septembre.\u00a0<\/span><\/p>\n<h2><b>Programme<\/b><\/h2>\n<p><span style=\"font-weight: 400;\">09h00 \u2014 Accueil des \u00e9quipes, mots des bienvenus, rappel des r\u00e8gles du jeu<\/span><\/p>\n<p><span style=\"font-weight: 400;\">09h30 \u2014 Matchs du matin\u00a0<\/span><\/p>\n<p><span style=\"font-weight: 400;\">12h00 \u2014 Pause d\u00e9jeuner<\/span><\/p>\n<p><span style=\"font-weight: 400;\">13h00 \u2014 Matchs de l\u2019apr\u00e8s-midi<\/span><\/p>\n<p><span style=\"font-weight: 400;\">15h30 \u2014 Remise des prix et cl\u00f4ture<\/span><\/p>\n<h4><b>Match<\/b><\/h4>\n<p><span style=\"font-weight: 400;\">Les matchs se jouent \u00e0 l\u2019ext\u00e9rieur au\u00a0 <\/span><a href=\"http:\/\/www.montrealbeach.ca\/en\/home.aspx\"><span style=\"font-weight: 400;\">Centre de BEACH volley \u00e0 Montr\u00e9al<\/span><\/a><span style=\"font-weight: 400;\"> sur cinq terrains. Hauteur du filet :\u00a0 2m 35 &#8211; 5 terrains of 9 x 18 meters<\/span><\/p>\n<p><span style=\"font-weight: 400;\">S&rsquo;il y a beaucoup de vent ou trop de soleil, les \u00e9quipes peuvent changer de c\u00f4t\u00e9 \u00e0 tous les multiples de 7 points. Les capitaines doivent s\u2019entendre au d\u00e9but du match.<\/span><\/p>\n<p><span style=\"font-weight: 400;\">Les matchs sont de 3 sets &#8211; 2 sets de 15 points et un 3\u00e8me set de 11 points<\/span><\/p>\n<p><span style=\"font-weight: 400;\">Pour tous les matchs, les points seront attribu\u00e9s de la mani\u00e8re suivante:<\/span><\/p>\n<ul>\n<li style=\"font-weight: 400;\" aria-level=\"1\"><span style=\"font-weight: 400;\">Gagn\u00e9 = 3 points<\/span><\/li>\n<li style=\"font-weight: 400;\" aria-level=\"1\"><span style=\"font-weight: 400;\">Perdu = 1 point<\/span><\/li>\n<li style=\"font-weight: 400;\" aria-level=\"1\"><span style=\"font-weight: 400;\">Forfait = 0 point<\/span><\/li>\n<\/ul>\n<p><span style=\"font-weight: 400;\">Formule et classement : Le classement est \u00e9tabli en fonction du nombre de victoires et en cas d\u2019\u00e9galit\u00e9 le nombre de sets gagn\u00e9s sera utilis\u00e9. Si l\u2019\u00e9galit\u00e9 persiste, le ratio points gagn\u00e9s\/points perdus d\u00e9partagera les \u00e9quipes.\u00a0<\/span><\/p>\n<h4><b>Arbitrage<\/b><\/h4>\n<ul>\n<li style=\"font-weight: 400;\" aria-level=\"1\"><span style=\"font-weight: 400;\">Il n&rsquo;y a aucun arbitre pour tous les matchs, il s\u2019agit donc d\u2019auto-arbitrage. \u00c0 partir du moment o\u00f9 un doute sur l\u2019action que vous venez de poser survient, assumez la faute ou demandez au responsable sur place de vous \u00e9clairer.\u00a0<\/span><\/li>\n<li style=\"font-weight: 400;\" aria-level=\"1\"><span style=\"font-weight: 400;\">On s\u2019attend que tous les joueurs fassent preuve de respect et d\u2019honn\u00eatet\u00e9 en nous aidant \u00e0 garder l\u2019esprit amical et joyeux du tournoi.\u00a0\u00a0<\/span><\/li>\n<\/ul>\n<h4><b>\u00c9quipe mixte<\/b><\/h4>\n<ul>\n<li style=\"font-weight: 400;\" aria-level=\"1\"><span style=\"font-weight: 400;\">Chaque \u00e9quipe doit avoir une femme et un homme sur les terrains en tout le temps. Mixte 4 X 4 &#8211; tous les joueurs peuvent attaquer au filet (pas une r\u00e8gle fixe mais fortement recommand\u00e9)<\/span><\/li>\n<li style=\"font-weight: 400;\" aria-level=\"1\"><span style=\"font-weight: 400;\">Tout joueur doit d&rsquo;abord \u00eatre inscrit sur la fiche d&rsquo;inscription de l&rsquo;\u00e9quipe pour jouer.\u00a0<\/span><\/li>\n<\/ul>\n<h4><b>S\u00e9curit\u00e9<\/b><\/h4>\n<ul>\n<li style=\"font-weight: 400;\" aria-level=\"1\"><span style=\"font-weight: 400;\">Il est interdit de faire traverser le ballon par-dessus le filet en touche.<\/span><\/li>\n<li style=\"font-weight: 400;\" aria-level=\"1\"><span style=\"font-weight: 400;\">Aucun contact avec le filet n\u2019est permis.<\/span><\/li>\n<li style=\"font-weight: 400;\" aria-level=\"1\"><span style=\"font-weight: 400;\">Lorsque le contreur touche au ballon, ce contact compte pour un contact. Il reste donc 2 contacts pour contre-attaquer. Le m\u00eame joueur peut \u00e0 nouveau jouer le ballon, il resterait dans ce cas qu\u2019un seul contact pour faire traverser le ballon.<\/span><\/li>\n<\/ul>\n<h4><b>Changements et rotations<\/b><\/h4>\n<ul>\n<li style=\"font-weight: 400;\" aria-level=\"1\"><span style=\"font-weight: 400;\">Les joueurs tournent apr\u00e8s chaque point. Tous les quatre points, un nouveau joueur entre le terrain\u00a0<\/span><\/li>\n<\/ul>\n<h4><b>Quel est le nombre de joueurs par \u00e9quipe?<\/b><\/h4>\n<p><span style=\"font-weight: 400;\">\u00c9quipes de 4 sur le terrain avec jusqu\u2019\u00e0 4 rempla\u00e7ants pour un total de 8 joueurs.<\/span><\/p>\n<h4><b>Quelle est la dur\u00e9e des matchs?<\/b><\/h4>\n<p><span style=\"font-weight: 400;\">Les matchs durent environ 20 minutes.<\/span><\/p>\n<h4><b>Les partisans sont-ils permis?<\/b><\/h4>\n<p><span style=\"font-weight: 400;\">Oui! Les joueurs peuvent \u00eatre accompagn\u00e9s de leurs proches et coll\u00e8gues pour les encourager.<\/span><\/p>\n<h4><b>Y a t\u2019il des vestiaires sur place pour se changer?<\/b><\/h4>\n<p><span style=\"font-weight: 400;\">Oui, mais on vous recommande de venir d\u00e9j\u00e0 habill\u00e9.\u00a0\u00a0<\/span><\/p>\n<h4><b>Quel est le lieu du rendez-vous?<\/b><\/h4>\n<h4><span style=\"font-weight: 400;\">Association Montr\u00e9al Beach<\/span><\/h4>\n<p><span style=\"font-weight: 400;\">1340 Rue Olier, Montr\u00e9al H3C 0P9, Canada<\/span><\/p>\n<p><span style=\"font-weight: 400;\">La station de m\u00e9tro Lucien-L&rsquo;Allier est \u00e0 13 minutes de marche.<\/span><\/p>\n<p><span style=\"font-weight: 400;\">Pas de stationnement disponible.<\/span><\/p>\n<h2><b>Inscriptions et dons<\/b><\/h2>\n<h4><b>Quelle est la date limite des inscriptions?<\/b><\/h4>\n<p><span style=\"font-weight: 400;\">Les \u00e9quipes peuvent s\u2019inscrire en ligne au tournoi de volleyball de plage\u00a0 jusqu\u2019au vendredi 29 juillet 2022.<\/span><\/p>\n<h4><b>Comment fait-on pour faire un don sans participer au tournoi?<\/b><\/h4>\n<p><span style=\"font-weight: 400;\">Vous pouvez faire un don <\/span><a href=\"https:\/\/www.zeffy.com\/en-CA\/peer-to-peer\/9f162b9d-d060-435e-b46d-23f53896e599\"><span style=\"font-weight: 400;\">via le formulaire de don sur la page du tournoi de volleyball de plage Techaide<\/span><\/a><span style=\"font-weight: 400;\"> en s\u00e9lectionnant \u2018Faire un don\u2019 puis s\u00e9lectionner \u201c\u00c0 la campagne en g\u00e9n\u00e9rale\u201d ou \u201c\u00c0 une \u00e9quipe ou \u00e0 un individu\u201d si vous d\u00e9sirez associer votre don \u00e0 une \u00e9quipe ou une personne en particulier.<\/span><\/p>\n<h4><b>Quelle est la date limite pour la lev\u00e9e de fonds d\u2019une \u00e9quipe?<\/b><\/h4>\n<p><span style=\"font-weight: 400;\">Vous avez jusqu\u2019au jour du tournoi pour la lev\u00e9e de fonds.<\/span><\/p>\n<h4><b>Est-ce qu\u2019on peut faire des dons sur place le jour m\u00eame? Vous prenez l\u2019argent comptant?<\/b><\/h4>\n<p><span style=\"font-weight: 400;\">Bien s\u00fbr, les dons sur place sont possibles! Une \u00e9quipe de Centraide sera sur place pour les recueillir. Vous pourrez faire des dons par carte de cr\u00e9dit via des Square, par ch\u00e8que ou en argent comptant.<\/span><\/p>\n<h4><b>Le prix du billet inclut-il des breuvages et snacks?<\/b><\/h4>\n<p><span style=\"font-weight: 400;\">Non, on vous recommande d\u2019apporter votre bouteille d\u2019eau r\u00e9utilisable. Vous pouvez acheter des collations, de la nourriture et des breuvages sur place.<\/span><\/p>\n<h4><b>Si je n\u2019ai pas d\u2019\u00e9quipe dans mon entreprise, comment puis-je participer?<\/b><\/h4>\n<p><span style=\"font-weight: 400;\">\u00c9crivez-vous \u00e0 contact@techaidemontreal.org! On vous jumellera \u00e0 une \u00e9quipe d\u00e9j\u00e0 form\u00e9e ou, s\u2019il y en a assez, nous pourrons regrouper les joueurs seuls pour former une \u00e9quipe ind\u00e9pendante.<\/span><\/p>\n<h4><b>Je ne veux pas jouer mais j\u2019aimerais bien aider, vous cherchez des b\u00e9n\u00e9voles?<\/b><\/h4>\n<p><span style=\"font-weight: 400;\">Oui. \u00c9crivez-nous \u00e0 contact@techaidemontreal.org.<\/span><\/p>\n<h4><b>Les billets sont-ils remboursables si je change d\u2019avis?<\/b><\/h4>\n<p><span style=\"font-weight: 400;\">Malheureusement, non. Vous recevrez tout de m\u00eame le re\u00e7u d\u2019imp\u00f4ts y \u00e9tant associ\u00e9 car votre billet est per\u00e7u comme un don!<\/span><\/p>\n<h4><b>Puis-je avoir un re\u00e7u d\u2019imp\u00f4t?<\/b><\/h4>\n<p><span style=\"font-weight: 400;\">Absolument! \u00c0 partir de 20$ de don, les re\u00e7us d\u2019imp\u00f4t sont \u00e9mis automatiquement par courriel par Centraide du Grand Montr\u00e9al. Si vous ne l\u2019avez pas re\u00e7u, \u00e9crivez-nous \u00e0 <\/span><a href=\"mailto:techaide@centraide-mtl.org\"><span style=\"font-weight: 400;\">techaide@centraide-mtl.org<\/span><\/a><span style=\"font-weight: 400;\">.<\/span><\/p>\n","protected":false},"excerpt":{"rendered":"<p>Le\u00a0 tournoi de volleyball de plage Techaide est un tournoi r\u00e9cr\u00e9atif et amical. Il aura lieu le vendredi 26 ao\u00fbt 9 septembre 2022. En cas de pluie intense, le tournoi sera report\u00e9 au 9 septembre.\u00a0 Programme 09h00 \u2014 Accueil des \u00e9quipes, mots des bienvenus, rappel des r\u00e8gles du jeu 09h30 \u2014 Matchs du matin\u00a0 12h00 [&hellip;]<\/p>\n","protected":false},"author":18,"featured_media":0,"parent":0,"menu_order":0,"comment_status":"closed","ping_status":"closed","template":"","meta":{"_EventAllDay":false,"_EventTimezone":"","_EventStartDate":"","_EventEndDate":"","_EventStartDateUTC":"","_EventEndDateUTC":"","_EventShowMap":false,"_EventShowMapLink":false,"_EventURL":"","_EventCost":"","_EventCostDescription":"","_EventCurrencySymbol":"","_EventCurrencyCode":"","_EventCurrencyPosition":"","_EventDateTimeSeparator":"","_EventTimeRangeSeparator":"","_EventOrganizerID":[],"_EventVenueID":[],"_OrganizerEmail":"","_OrganizerPhone":"","_OrganizerWebsite":"","_VenueAddress":"","_VenueCity":"","_VenueCountry":"","_VenueProvince":"","_VenueState":"","_VenueZip":"","_VenuePhone":"","_VenueURL":"","_VenueStateProvince":"","_VenueLat":"","_VenueLng":"","_VenueShowMap":false,"_VenueShowMapLink":false,"footnotes":""},"class_list":["post-4266","page","type-page","status-publish","hentry"],"_links":{"self":[{"href":"https:\/\/www.techaidemontreal.org\/fr\/wp-json\/wp\/v2\/pages\/4266","targetHints":{"allow":["GET"]}}],"collection":[{"href":"https:\/\/www.techaidemontreal.org\/fr\/wp-json\/wp\/v2\/pages"}],"about":[{"href":"https:\/\/www.techaidemontreal.org\/fr\/wp-json\/wp\/v2\/types\/page"}],"author":[{"embeddable":true,"href":"https:\/\/www.techaidemontreal.org\/fr\/wp-json\/wp\/v2\/users\/18"}],"replies":[{"embeddable":true,"href":"https:\/\/www.techaidemontreal.org\/fr\/wp-json\/wp\/v2\/comments?post=4266"}],"version-history":[{"count":5,"href":"https:\/\/www.techaidemontreal.org\/fr\/wp-json\/wp\/v2\/pages\/4266\/revisions"}],"predecessor-version":[{"id":4294,"href":"https:\/\/www.techaidemontreal.org\/fr\/wp-json\/wp\/v2\/pages\/4266\/revisions\/4294"}],"wp:attachment":[{"href":"https:\/\/www.techaidemontreal.org\/fr\/wp-json\/wp\/v2\/media?parent=4266"}],"curies":[{"name":"wp","href":"https:\/\/api.w.org\/{rel}","templated":true}]}}