{"id":6698,"date":"2024-12-20T10:50:40","date_gmt":"2024-12-20T15:50:40","guid":{"rendered":"https:\/\/www.techaidemontreal.org\/redonner\/faire-un-don-a-centraide\/"},"modified":"2024-12-20T10:50:41","modified_gmt":"2024-12-20T15:50:41","slug":"faire-un-don-a-centraide","status":"publish","type":"page","link":"https:\/\/www.techaidemontreal.org\/fr\/redonner\/faire-un-don-a-centraide\/","title":{"rendered":"Faire un don \u00e0 Centraide"},"content":{"rendered":"<p><div class=\"fusion-fullwidth fullwidth-box fusion-builder-row-1 fusion-flex-container nonhundred-percent-fullwidth non-hundred-percent-height-scrolling\" style=\"--awb-border-radius-top-left:0px;--awb-border-radius-top-right:0px;--awb-border-radius-bottom-right:0px;--awb-border-radius-bottom-left:0px;--awb-padding-bottom:30px;--awb-margin-top:0px;--awb-background-color:#fffaf2;\" ><div class=\"fusion-builder-row fusion-row fusion-flex-align-items-flex-start fusion-flex-justify-content-center\" style=\"max-width:1216.8px;margin-left: calc(-4% \/ 2 );margin-right: calc(-4% \/ 2 );\"><div class=\"fusion-layout-column fusion_builder_column fusion-builder-column-0 fusion_builder_column_1_1 1_1 fusion-flex-column\" style=\"--awb-padding-bottom:12px;--awb-bg-size:cover;--awb-width-large:100%;--awb-margin-top-large:120px;--awb-spacing-right-large:1.92%;--awb-margin-bottom-large:50px;--awb-spacing-left-large:1.92%;--awb-width-medium:100%;--awb-order-medium:0;--awb-spacing-right-medium:1.92%;--awb-spacing-left-medium:1.92%;--awb-width-small:100%;--awb-order-small:0;--awb-spacing-right-small:1.92%;--awb-spacing-left-small:1.92%;\"><div class=\"fusion-column-wrapper fusion-column-has-shadow fusion-flex-justify-content-flex-start fusion-content-layout-column\"><div class=\"fusion-title title fusion-title-1 fusion-sep-none fusion-title-center fusion-title-text fusion-title-size-two\" style=\"--awb-margin-bottom:0px;\"><h2 class=\"title-heading-center fusion-responsive-typography-calculated\" style=\"font-family:&quot;Inter&quot;;font-style:normal;font-weight:300;margin:0;--fontSize:30;--minFontSize:30;line-height:1;\">Redonner<\/h2><\/div><div class=\"fusion-title title fusion-title-2 fusion-sep-none fusion-title-text fusion-title-size-one\" style=\"--awb-text-color:#262e44;--awb-margin-top:5px;--awb-margin-bottom:0px;--awb-font-size:70px;\"><h1 class=\"title-heading-left fusion-responsive-typography-calculated\" style=\"font-family:&quot;Inter&quot;;font-style:normal;font-weight:900;margin:0;font-size:1em;--fontSize:70;line-height:1.2;\"><div style=\"text-align: center;\">Faites un don \u00e0 Centraide.<\/div><\/h1><\/div><div class=\"fusion-text fusion-text-1\" style=\"--awb-margin-top:15px;--awb-text-font-family:&quot;Inter&quot;;--awb-text-font-style:normal;--awb-text-font-weight:300;\"><p style=\"text-align: center; font-size: 20px; line-height: 26px;\" data-fusion-font=\"true\">Les fonds collect\u00e9s par Techaide seront investis \u00e0 travers le vaste r\u00e9seau d\u2019organismes de Centraide qui sont en premi\u00e8re ligne pour combattre les probl\u00e8mes sociaux.<\/p>\n<\/div><\/div><\/div><\/div><\/div><div class=\"fusion-fullwidth fullwidth-box fusion-builder-row-2 fusion-flex-container nonhundred-percent-fullwidth non-hundred-percent-height-scrolling\" style=\"--awb-border-radius-top-left:0px;--awb-border-radius-top-right:0px;--awb-border-radius-bottom-right:0px;--awb-border-radius-bottom-left:0px;\" ><div class=\"fusion-builder-row fusion-row fusion-flex-align-items-flex-start\" style=\"max-width:1216.8px;margin-left: calc(-4% \/ 2 );margin-right: calc(-4% \/ 2 );\"><div class=\"fusion-layout-column fusion_builder_column fusion-builder-column-1 fusion_builder_column_1_1 1_1 fusion-flex-column\" style=\"--awb-bg-size:cover;--awb-width-large:100%;--awb-margin-top-large:0px;--awb-spacing-right-large:1.92%;--awb-margin-bottom-large:20px;--awb-spacing-left-large:1.92%;--awb-width-medium:100%;--awb-order-medium:0;--awb-spacing-right-medium:1.92%;--awb-spacing-left-medium:1.92%;--awb-width-small:100%;--awb-order-small:0;--awb-spacing-right-small:1.92%;--awb-spacing-left-small:1.92%;\"><div class=\"fusion-column-wrapper fusion-column-has-shadow fusion-flex-justify-content-flex-start fusion-content-layout-column\"><div class=\"fusion-text fusion-text-2\" style=\"--awb-text-transform:none;\"><div style=\"position:relative;overflow:hidden;height:1200px;width:100%;\"><iframe title=\"Formulaire de don propuls\u00e9 par Zeffy\" style=\"position: absolute; border: 0; top:0;left:0;bottom:0;right:0;width:100%;height:100%\" src=\"https:\/\/www.zeffy.com\/embed\/donation-form\/donate-to-centraide\" allowpaymentrequest=\"\" allowtransparency=\"true\"><\/iframe><\/div>\n<\/div><\/div><\/div><\/div><\/div><\/p>\n","protected":false},"excerpt":{"rendered":"","protected":false},"author":2,"featured_media":0,"parent":2658,"menu_order":0,"comment_status":"closed","ping_status":"closed","template":"100-width.php","meta":{"_EventAllDay":false,"_EventTimezone":"","_EventStartDate":"","_EventEndDate":"","_EventStartDateUTC":"","_EventEndDateUTC":"","_EventShowMap":false,"_EventShowMapLink":false,"_EventURL":"","_EventCost":"","_EventCostDescription":"","_EventCurrencySymbol":"","_EventCurrencyCode":"","_EventCurrencyPosition":"","_EventDateTimeSeparator":"","_EventTimeRangeSeparator":"","_EventOrganizerID":[],"_EventVenueID":[],"_OrganizerEmail":"","_OrganizerPhone":"","_OrganizerWebsite":"","_VenueAddress":"","_VenueCity":"","_VenueCountry":"","_VenueProvince":"","_VenueState":"","_VenueZip":"","_VenuePhone":"","_VenueURL":"","_VenueStateProvince":"","_VenueLat":"","_VenueLng":"","_VenueShowMap":false,"_VenueShowMapLink":false,"footnotes":""},"class_list":["post-6698","page","type-page","status-publish","hentry"],"_links":{"self":[{"href":"https:\/\/www.techaidemontreal.org\/fr\/wp-json\/wp\/v2\/pages\/6698","targetHints":{"allow":["GET"]}}],"collection":[{"href":"https:\/\/www.techaidemontreal.org\/fr\/wp-json\/wp\/v2\/pages"}],"about":[{"href":"https:\/\/www.techaidemontreal.org\/fr\/wp-json\/wp\/v2\/types\/page"}],"author":[{"embeddable":true,"href":"https:\/\/www.techaidemontreal.org\/fr\/wp-json\/wp\/v2\/users\/2"}],"replies":[{"embeddable":true,"href":"https:\/\/www.techaidemontreal.org\/fr\/wp-json\/wp\/v2\/comments?post=6698"}],"version-history":[{"count":2,"href":"https:\/\/www.techaidemontreal.org\/fr\/wp-json\/wp\/v2\/pages\/6698\/revisions"}],"predecessor-version":[{"id":6700,"href":"https:\/\/www.techaidemontreal.org\/fr\/wp-json\/wp\/v2\/pages\/6698\/revisions\/6700"}],"up":[{"embeddable":true,"href":"https:\/\/www.techaidemontreal.org\/fr\/wp-json\/wp\/v2\/pages\/2658"}],"wp:attachment":[{"href":"https:\/\/www.techaidemontreal.org\/fr\/wp-json\/wp\/v2\/media?parent=6698"}],"curies":[{"name":"wp","href":"https:\/\/api.w.org\/{rel}","templated":true}]}}